{"id":258,"date":"2023-12-03T14:35:54","date_gmt":"2023-12-03T19:35:54","guid":{"rendered":"https:\/\/revistaidentidad.unheval.edu.pe\/?page_id=258"},"modified":"2023-12-20T16:40:34","modified_gmt":"2023-12-20T21:40:34","slug":"historicidad-de-la-revista","status":"publish","type":"page","link":"https:\/\/revistaidentidad.unheval.edu.pe\/index.php\/revista-identidad\/historicidad-de-la-revista\/","title":{"rendered":"Historicidad de la Revista"},"content":{"rendered":"\n<p style=\"text-align: justify\">La investigaci\u00f3n cient\u00edfica es en la mayor\u00eda de los casos de car\u00e1cter social, recordemos El Liceo de Arist\u00f3teles o La Academia de Plat\u00f3n, lugares de investigaci\u00f3n interdisciplinar. Los modernos, como una contribuci\u00f3n al fortalecimiento de las ciencias naturales, crearon las sociedades cient\u00edficas, una de estas se cre\u00f3 en Londres, la Royal Society, del cual fue miembro el m\u00e9dico Locke y su presidente Isaac Newton. Esta sociedad de insignes arquitectos de la ciencia, en 1665 publicaron lo que vendr\u00eda a ser hoy la revista cient\u00edfica m\u00e1s antigua de Europa y del mundo dedicada exclusivamente a la ciencia, me estoy refiriendo a la Revista Philosophi Transacci\u00f3n, editado por su secretario Henry Oldenburg, tarea que para los ingleses no habr\u00eda sido tan intrincado, por la tradici\u00f3n investigativa que ya ten\u00edan, sino recordemos a Bacon y posteriormente a Darwin, este \u00faltimo estuvo en el Per\u00fa, pa\u00eds del cual no tuvo un buen recuerdo, sobre todo de su urbanidad y su madurez pol\u00edtica.<\/p>\n\n\n\n<p style=\"text-align: justify\">Nosotros lejos de esta realidad y respetando la enorme distancia, docentes y autoridades de la Facultad de Ciencias de la Educaci\u00f3n, iniciamos en el a\u00f1o 1998 la publicaci\u00f3n de un bolet\u00edn con el adjetivo de LETRAS, documento adscrito al Departamento Acad\u00e9mico Pedag\u00f3gico de Letras. Los a\u00f1os siguientes a iniciativa de muchos colegas, reemplazamos LETRAS por la Revista Identidad que se publica desde 1999 con intermitencia, pero aun as\u00ed se le hace la luz, gracias a las parteras que tiene.<\/p>\n\n\n\n<p style=\"text-align: justify\">La publicaci\u00f3n de una revista, en nuestro medio no es un compromiso f\u00e1cil de cumplir, todo lo contrario, es como comprometerse con la autoflagelaci\u00f3n, condenarse al padecimiento burocr\u00e1tico y tan enrevesado, que si no fuese la feliz concurrencia de autoridades y sobre todo de colegas y amigos acad\u00e9micos hubi\u00e9semos sucumbido por el des\u00e1nimo. Hoy, aun no siendo reconocido con la honra, continuamos empedernidos en la tarea de seguir publicando la <b><i>Revista Identidad<\/i><\/b>, para lograr su indexaci\u00f3n a favor de la investigaci\u00f3n de los acad\u00e9micos de nuestra Facultad de Ciencias de la Educaci\u00f3n y los investigadores de Hu\u00e1nuco y del pa\u00eds. Nuestra gratitud a las autoridades que creen en este sue\u00f1o teleol\u00f3gico de car\u00e1cter acad\u00e9mico, a colegas que perseveran en esta tarea intelectual y nuestro agradecimiento al Comit\u00e9 Editorial que apuestan con entusiasmo y dinamismo en la virtud cient\u00edfica de la Revista Identidad.<\/p>\n\n\n\n<p class=\"has-text-align-right\">Arturo Lucas Cabello<\/p>\n\n\n\n<p class=\"has-text-align-right\">Editor<\/p>\n","protected":false},"excerpt":{"rendered":"<p>La investigaci\u00f3n cient\u00edfica es en la mayor\u00eda de los casos de car\u00e1cter social, recordemos El Liceo de Arist\u00f3teles o La Academia de Plat\u00f3n, lugares de investigaci\u00f3n interdisciplinar. Los modernos, como una contribuci\u00f3n al fortalecimiento de las ciencias naturales, crearon las sociedades cient\u00edficas, una de estas se cre\u00f3 en Londres, la Royal Society, del cual fue [&hellip;]<\/p>\n","protected":false},"author":1,"featured_media":0,"parent":6,"menu_order":3,"comment_status":"closed","ping_status":"closed","template":"","meta":{"footnotes":""},"class_list":["post-258","page","type-page","status-publish","hentry"],"_links":{"self":[{"href":"https:\/\/revistaidentidad.unheval.edu.pe\/index.php\/wp-json\/wp\/v2\/pages\/258","targetHints":{"allow":["GET"]}}],"collection":[{"href":"https:\/\/revistaidentidad.unheval.edu.pe\/index.php\/wp-json\/wp\/v2\/pages"}],"about":[{"href":"https:\/\/revistaidentidad.unheval.edu.pe\/index.php\/wp-json\/wp\/v2\/types\/page"}],"author":[{"embeddable":true,"href":"https:\/\/revistaidentidad.unheval.edu.pe\/index.php\/wp-json\/wp\/v2\/users\/1"}],"replies":[{"embeddable":true,"href":"https:\/\/revistaidentidad.unheval.edu.pe\/index.php\/wp-json\/wp\/v2\/comments?post=258"}],"version-history":[{"count":3,"href":"https:\/\/revistaidentidad.unheval.edu.pe\/index.php\/wp-json\/wp\/v2\/pages\/258\/revisions"}],"predecessor-version":[{"id":410,"href":"https:\/\/revistaidentidad.unheval.edu.pe\/index.php\/wp-json\/wp\/v2\/pages\/258\/revisions\/410"}],"up":[{"embeddable":true,"href":"https:\/\/revistaidentidad.unheval.edu.pe\/index.php\/wp-json\/wp\/v2\/pages\/6"}],"wp:attachment":[{"href":"https:\/\/revistaidentidad.unheval.edu.pe\/index.php\/wp-json\/wp\/v2\/media?parent=258"}],"curies":[{"name":"wp","href":"https:\/\/api.w.org\/{rel}","templated":true}]}}