{"id":253,"date":"2023-12-03T14:32:45","date_gmt":"2023-12-03T19:32:45","guid":{"rendered":"https:\/\/revistaidentidad.unheval.edu.pe\/?page_id=253"},"modified":"2023-12-20T16:37:19","modified_gmt":"2023-12-20T21:37:19","slug":"presentacion-de-la-revista","status":"publish","type":"page","link":"https:\/\/revistaidentidad.unheval.edu.pe\/index.php\/revista-identidad\/presentacion-de-la-revista\/","title":{"rendered":"Presentaci\u00f3n de la revista"},"content":{"rendered":"\n<p style=\"text-align: justify\">La <b><i>Revista Identidad<\/i><\/b>, es editada por la Facultad de Ciencias de la Educaci\u00f3n de la Universidad Nacional Hermilio Valdiz\u00e1n \u2013 Hu\u00e1nuco, Per\u00fa. La revista, es el resultado de una iniciativa hist\u00f3rica de un grupo de docentes que el a\u00f1o 1998, iniciaron esta tarea con la publicaci\u00f3n de LETRAS, un op\u00fasculo, con textos de los docentes de la Facultad de Ciencias de la Educaci\u00f3n. Los a\u00f1os siguientes, 1999 y 2000 se dej\u00f3 de publicar LETRAS y se inici\u00f3 con la edici\u00f3n de la <b><i>Revista Identidad<\/i><\/b> N\u00b0 1 y N\u00b0 2 respectivamente en formato de ensayo, todo bajo la direcci\u00f3n del Dr. Arturo Lucas Cabello.<\/p>\n\n\n\n<p style=\"text-align: justify\">Hist\u00f3ricamente las comunidades cient\u00edficas, a diferencia de sus antecesores, crearon un medio, la revista, para divulgar el resultado de sus investigaciones cient\u00edficas, un ejemplo de esta actividad cient\u00edfica fue la publicaci\u00f3n de la Revista PHYLOSOPHI TRANSACCI\u00d3N fundada en 1665 por la Royal Society del cual fueron parte dos fil\u00f3sofos naturales prominentes como Boyle y Newton.<\/p>\n\n\n\n<p style=\"text-align: justify\">El nuevo contexto intelectual creada el a\u00f1o 2013 por la Ley Universitaria N\u00b030220, subraya la investigaci\u00f3n cient\u00edfica como relevante para los fines universitarios y del pa\u00eds. Estos nuevos aires acad\u00e9micos dan mayores razones y luces para que la <b><i>Revista Identidad<\/i><\/b>, no sucumba ante la fatiga cual fantasma pretende poseernos y todo lo contrario se constituya en un medio valioso de divulgaci\u00f3n de la creaci\u00f3n e innovaci\u00f3n cient\u00edfica de los docentes de la Facultad de Ciencias de la Educaci\u00f3n y sus pares del pa\u00eds y del mundo.<\/p>\n\n\n\n<p style=\"text-align: justify\">La revista tiene como objetivo, promover y difundir la investigaci\u00f3n cient\u00edfica de pedagogos, epistem\u00f3logos, eticistas y hombres de las ciencias sociales en el \u00e1mbito de la educaci\u00f3n, las humanidades y la filosof\u00eda de la ciencia, en aras de encontrar soluciones viables a los problemas de la educaci\u00f3n regional, nacional e internacional. Es necesario se\u00f1alar que es una publicaci\u00f3n con periodicidad semestral en formato papel y digital, publica trabajos originales nunca antes editado o difundido en otras revistas, libros y congresos. Asimismo, el Sistema de Arbitraje para la selecci\u00f3n de art\u00edculos es en el sistema de doble ciego. Para los t\u00edtulos, res\u00famenes y palabras clave se exige que sea en lengua inglesa. Finalmente, a partir de 2019 las autoridades y el Comit\u00e9 Editorial trabajan con los est\u00e1ndares universales, encaminado hacia la indexaci\u00f3n de la <b><i>Revista Identidad<\/i><\/b>, para tal efecto cuenta con un Comit\u00e9 Editorial expectante y un Comit\u00e9 Cient\u00edfico constituido por especialistas con prestigio y reconocidos por universidades del pa\u00eds y Latinoam\u00e9rica.<\/p>\n\n\n\n<p class=\"has-text-align-right\">Arturo Lucas Cabello<\/p>\n","protected":false},"excerpt":{"rendered":"<p>La Revista Identidad, es editada por la Facultad de Ciencias de la Educaci\u00f3n de la Universidad Nacional Hermilio Valdiz\u00e1n \u2013 Hu\u00e1nuco, Per\u00fa. La revista, es el resultado de una iniciativa hist\u00f3rica de un grupo de docentes que el a\u00f1o 1998, iniciaron esta tarea con la publicaci\u00f3n de LETRAS, un op\u00fasculo, con textos de los docentes [&hellip;]<\/p>\n","protected":false},"author":1,"featured_media":0,"parent":6,"menu_order":2,"comment_status":"closed","ping_status":"closed","template":"","meta":{"footnotes":""},"class_list":["post-253","page","type-page","status-publish","hentry"],"_links":{"self":[{"href":"https:\/\/revistaidentidad.unheval.edu.pe\/index.php\/wp-json\/wp\/v2\/pages\/253","targetHints":{"allow":["GET"]}}],"collection":[{"href":"https:\/\/revistaidentidad.unheval.edu.pe\/index.php\/wp-json\/wp\/v2\/pages"}],"about":[{"href":"https:\/\/revistaidentidad.unheval.edu.pe\/index.php\/wp-json\/wp\/v2\/types\/page"}],"author":[{"embeddable":true,"href":"https:\/\/revistaidentidad.unheval.edu.pe\/index.php\/wp-json\/wp\/v2\/users\/1"}],"replies":[{"embeddable":true,"href":"https:\/\/revistaidentidad.unheval.edu.pe\/index.php\/wp-json\/wp\/v2\/comments?post=253"}],"version-history":[{"count":5,"href":"https:\/\/revistaidentidad.unheval.edu.pe\/index.php\/wp-json\/wp\/v2\/pages\/253\/revisions"}],"predecessor-version":[{"id":408,"href":"https:\/\/revistaidentidad.unheval.edu.pe\/index.php\/wp-json\/wp\/v2\/pages\/253\/revisions\/408"}],"up":[{"embeddable":true,"href":"https:\/\/revistaidentidad.unheval.edu.pe\/index.php\/wp-json\/wp\/v2\/pages\/6"}],"wp:attachment":[{"href":"https:\/\/revistaidentidad.unheval.edu.pe\/index.php\/wp-json\/wp\/v2\/media?parent=253"}],"curies":[{"name":"wp","href":"https:\/\/api.w.org\/{rel}","templated":true}]}}