{"id":236,"date":"2023-12-03T14:18:39","date_gmt":"2023-12-03T19:18:39","guid":{"rendered":"https:\/\/revistaidentidad.unheval.edu.pe\/?page_id=236"},"modified":"2023-12-20T16:32:23","modified_gmt":"2023-12-20T21:32:23","slug":"sobre-la-revista","status":"publish","type":"page","link":"https:\/\/revistaidentidad.unheval.edu.pe\/index.php\/revista-identidad\/sobre-la-revista\/","title":{"rendered":"Sobre la revista"},"content":{"rendered":"\n<div class=\"wp-block-media-text is-stacked-on-mobile\" style=\"grid-template-columns:29% auto\"><figure class=\"wp-block-media-text__media\"><img loading=\"lazy\" decoding=\"async\" width=\"725\" height=\"1024\" src=\"https:\/\/revistaidentidad.unheval.edu.pe\/wp-content\/uploads\/2023\/12\/PORTADA-725x1024.jpg\" alt=\"\" class=\"wp-image-239 size-full\" srcset=\"https:\/\/revistaidentidad.unheval.edu.pe\/wp-content\/uploads\/2023\/12\/PORTADA-725x1024.jpg 725w, https:\/\/revistaidentidad.unheval.edu.pe\/wp-content\/uploads\/2023\/12\/PORTADA-212x300.jpg 212w, https:\/\/revistaidentidad.unheval.edu.pe\/wp-content\/uploads\/2023\/12\/PORTADA-768x1085.jpg 768w, https:\/\/revistaidentidad.unheval.edu.pe\/wp-content\/uploads\/2023\/12\/PORTADA-1087x1536.jpg 1087w, https:\/\/revistaidentidad.unheval.edu.pe\/wp-content\/uploads\/2023\/12\/PORTADA.jpg 1241w\" sizes=\"auto, (max-width: 725px) 100vw, 725px\" \/><\/figure><div class=\"wp-block-media-text__content\">\n<p style=\"text-align: justify\"><b><i>Revista Identidad<\/i><\/b>, ISSN 2707-5419, es una revista internacional, revisada por pares, de publicaci\u00f3n continua y de acceso abierto, que publica investigaciones en Humanidades, Ling\u00fc\u00edstica y Educaci\u00f3n. Revista de la Facultad de Ciencias de la Educaci\u00f3n de la Universidad Nacional Hermilio Valdiz\u00e1n, Hu\u00e1nuco, Per\u00fa. <\/p>\n\n\n\n<p style=\"text-align: justify\">La frecuencia de publicaci\u00f3n es Semestral (enero-junio, julio-diciembre), publicando a principios de cada semestre.<\/p>\n\n\n\n<p><b><i>Revista Identidad<\/i><\/b> publica \u00fanicamente en espa\u00f1ol.<\/p>\n<\/div><\/div>\n\n\n\n<p><\/p>\n","protected":false},"excerpt":{"rendered":"<p>Revista Identidad, ISSN 2707-5419, es una revista internacional, revisada por pares, de publicaci\u00f3n continua y de acceso abierto, que publica investigaciones en Humanidades, Ling\u00fc\u00edstica y Educaci\u00f3n. Revista de la Facultad de Ciencias de la Educaci\u00f3n de la Universidad Nacional Hermilio Valdiz\u00e1n, Hu\u00e1nuco, Per\u00fa. La frecuencia de publicaci\u00f3n es Semestral (enero-junio, julio-diciembre), publicando a principios de [&hellip;]<\/p>\n","protected":false},"author":1,"featured_media":0,"parent":6,"menu_order":0,"comment_status":"closed","ping_status":"closed","template":"","meta":{"footnotes":""},"class_list":["post-236","page","type-page","status-publish","hentry"],"_links":{"self":[{"href":"https:\/\/revistaidentidad.unheval.edu.pe\/index.php\/wp-json\/wp\/v2\/pages\/236","targetHints":{"allow":["GET"]}}],"collection":[{"href":"https:\/\/revistaidentidad.unheval.edu.pe\/index.php\/wp-json\/wp\/v2\/pages"}],"about":[{"href":"https:\/\/revistaidentidad.unheval.edu.pe\/index.php\/wp-json\/wp\/v2\/types\/page"}],"author":[{"embeddable":true,"href":"https:\/\/revistaidentidad.unheval.edu.pe\/index.php\/wp-json\/wp\/v2\/users\/1"}],"replies":[{"embeddable":true,"href":"https:\/\/revistaidentidad.unheval.edu.pe\/index.php\/wp-json\/wp\/v2\/comments?post=236"}],"version-history":[{"count":10,"href":"https:\/\/revistaidentidad.unheval.edu.pe\/index.php\/wp-json\/wp\/v2\/pages\/236\/revisions"}],"predecessor-version":[{"id":404,"href":"https:\/\/revistaidentidad.unheval.edu.pe\/index.php\/wp-json\/wp\/v2\/pages\/236\/revisions\/404"}],"up":[{"embeddable":true,"href":"https:\/\/revistaidentidad.unheval.edu.pe\/index.php\/wp-json\/wp\/v2\/pages\/6"}],"wp:attachment":[{"href":"https:\/\/revistaidentidad.unheval.edu.pe\/index.php\/wp-json\/wp\/v2\/media?parent=236"}],"curies":[{"name":"wp","href":"https:\/\/api.w.org\/{rel}","templated":true}]}}