{"id":197,"date":"2023-12-02T19:26:37","date_gmt":"2023-12-03T00:26:37","guid":{"rendered":"https:\/\/revistaidentidad.unheval.edu.pe\/?page_id=197"},"modified":"2024-01-03T15:13:31","modified_gmt":"2024-01-03T20:13:31","slug":"envios","status":"publish","type":"page","link":"https:\/\/revistaidentidad.unheval.edu.pe\/index.php\/archivos\/envios\/","title":{"rendered":"Env\u00edos"},"content":{"rendered":"\n<p style=\"text-align:justify\"><br><br>El registro y el inicio de sesi\u00f3n son necesarios para enviar elementos en l\u00ednea y para comprobar el estado de los env\u00edos recientes. Ir a Iniciar sesi\u00f3n a una cuenta existente o Registrar una nueva cuenta.<br><br>Lista de comprobaci\u00f3n para la preparaci\u00f3n de env\u00edos<br><br>Como parte del proceso de env\u00edo, los autores\/as est\u00e1n obligados a comprobar que su env\u00edo cumpla todos los elementos que se muestran a continuaci\u00f3n. Se devolver\u00e1n a los autores\/as aquellos env\u00edos que no cumplan estas directrices.<br><br>El env\u00edo no ha sido publicado previamente ni se ha sometido a consideraci\u00f3n por ninguna otra revista (o se ha proporcionado una explicaci\u00f3n al respecto en los Comentarios al editor\/a).<br><br>El archivo de env\u00edo est\u00e1 en formato OpenOffice, Microsoft Word, RTF o WordPerfect.<br><br>Siempre que sea posible, se proporcionan direcciones URL para las referencias.<br><br>El texto tiene interlineado sencillo; 12 puntos de tama\u00f1o de fuente; se utiliza cursiva en lugar de subrayado (excepto en las direcciones URL); y todas las ilustraciones, figuras y tablas se encuentran colocadas en los lugares del texto apropiados, en vez de al final.<br><br>El texto se adhiere a los requisitos estil\u00edsticos y bibliogr\u00e1ficos resumidos en las Directrices del autor\/a, que aparecen en Acerca de la revista.<br><br><br>Directrices para autores\/as<br><br>INSTRUCCIONES PARA PUBLICAR EN LA REVISTA IDENTIDAD<br><br>CRITERIOS PARA REDACTAR EL ART\u00cdCULO PARA LA REVISTA EDUCATIVA IDENTIDAD<br><br>1. T\u00cdTULO: No debe exceder de 12 o 15 palabras. Debe ser conciso y preciso. Debe estar redactado en castellano y en ingl\u00e9s.<br><br>Ejemplo:<br><br>CONTAMINACI\u00d3N ATMOSF\u00c9RICA PRODUCIDA POR LOS BOTADEROS DE MARABAMBA Y LLICUA \u2013 HU\u00c1NUCO, 2019<br>AIR POLLUTION CAUSED BY DUMPS IN MARABAMBA AND LLICUA \u2013 HU\u00c1NUCO, 2019<br><br>2. AUTOR(ES): Colocar nombre y apellido completo. Si son varios los autores, los nombres deben colocar en orden de contribuci\u00f3n en el trabajo. colocar la Instituci\u00f3n a la que est\u00e1 afiliada, correo y numero de orcid.<br><br>Ejemplo:<br><br>Adler CANDUELAS SABRERA,<br><br>Humberto \u00d1AUPAS PAIT\u00c1N; et al<br><br>Nombre de los autores, hasta un m\u00e1ximo de cinco, separados por comas, con su apellido y las iniciales del nombre sin puntos (excepto tras la \u00faltima inicial del \u00faltimo autor). Si sobrepasa el n\u00famero de cinco, hay que escribir los cinco primeros y a\u00f1adir \u201cet al.\u201d, que significa \u201cy otros\u201d.<br><br>Ejemplo 2:<br><br>Adler CANDUELAS SABRERA,<br><br>Universidad Nacional Hermilio Valdiz\u00e1n<br><br>Contacto: sabrera@hotmail.com<br><br>https:\/\/orcid.org\/000-000-002-35687<br><br>3. LUGAR DONDE SE REALIZ\u00d3 LA INVESTIGACI\u00d3N: nombre de la instituci\u00f3n o del lugar donde se realiz\u00f3 la investigaci\u00f3n.<br><br>Ejemplo:<br><br>CONTAMINACI\u00d3N ATMOSF\u00c9RICA PRODUCIDA POR LOS BOTADEROS DE MARABAMBA Y LLICUA \u2013 HU\u00c1NUCO, 2019<br><br>4. RESUMEN: En esta parte se debe exponer en pocas palabras (m\u00e1ximo una p\u00e1gina o 250 palabras) los puntos tratados en el art\u00edculo. Es decir debe contener un breve sumario de los objetivos, m\u00e9todos, resultado y principales conclusiones que se obtuvo en la discusi\u00f3n. En un solo p\u00e1rrafo; sin abreviaturas, f\u00f3rmulas, tablas ni gr\u00e1ficos, tampoco se debe estructurar con subt\u00edtulos. El resumen redactar en pasado<br><br>Ejemplo:<br><br>RESUMEN<br><br>El objetivo de la investigaci\u00f3n cient\u00edfica es divulgar sus resultados en una publicaci\u00f3n. Hombres y mujeres de ciencia, m\u00e9dicos cl\u00ednicos, estudiantes graduados y de postgrado son juzgados principalmente y se los conoce por sus publicaciones. Un experimento cient\u00edfico, por espectaculares que sean sus resultados, no termina hasta que esos resultados se publican. As\u00ed pues, el cient\u00edfico no solo tiene que \u201chacer\u201d ciencia sino tambi\u00e9n \u201cescribir\u201d ciencia. Una mala redacci\u00f3n puede impedir o retrasar la publicaci\u00f3n de un trabajo excelente. El prop\u00f3sito de este art\u00edculo es ayudar a cient\u00edficos y estudiantes a preparar manuscritos que tengan posibilidades de ser aceptado para su publicaci\u00f3n y de ser perfectamente entendidos cuando se publiquen. Como los requisitos exigidos por las revistas var\u00edan mucho seg\u00fan las disciplinas, e incluso dentro de una misma disciplina, no es posible hacer recomendaciones que sean universalmente aceptables. Por lo tanto, el presente art\u00edculo obtendr\u00e1 su importancia, en la medida que sea tomado como una gu\u00eda por aquellos profesionales que deseen publicar sus estudios en diferentes revistas nacionales e internacionales.<br><br>5. PALABRA CLAVE: debe constar de tres o seis palabras simples y\/o compuestas no incluidas en el t\u00edtulo; escritas inmediatamente debajo del resumen.<br><br>Ejemplo:<br><br>Palabras clave: art\u00edculo cient\u00edfico; redacci\u00f3n, manuscritos.; Rev Chil Pediatr 2019; 80 (1): 70-78<br><br>6. ABSTRACT: es la traducci\u00f3n al ingl\u00e9s del resumen.<br><br>Ejemplo:<br><br>ABSTRACT<br><br>Some key factors in medical writing The purpose of scientific research is to disseminate their results in a publication. Scientists, clinicians, graduate and postgraduate students are judged and are primarily known for their publications. A scientific experiment whilst their results may be outstanding does not end until those results are published. Thus, the scientists not only have to \u00abdo\u00bb science but also \u00abwrite\u00bb science. A poor wording could prevent or delay the publication of an excellent scientific work. The purpose of this article is to help scientists and students to prepare manuscripts that are likely to be accepted for publication and to be perfectly understood when issued. As the requirements journal vary widely among disciplines, and even within a single discipline, it is not possible to make recommendations that are universally acceptable. Therefore, this article will get its importance, insofar as it is taken as a guide for those professionals who wish to publish their studies in national and international journals.<br><br>7. KEY WORDS: son las mismas palabras claves traducidas al ingl\u00e9s<br><br>Ejemplo:<br><br>Key words: scientific article, redaction, manuscript. Rev Chil Pediatr 2019; 80 (1): 70-78<br><br>8. INTRODUCCI\u00d3N: en ella se debe exponer brevemente, pero con absoluta claridad, la novedad y actualidad del tema, el objeto de la investigaci\u00f3n, la hip\u00f3tesis de trabajo, el fundamento metodol\u00f3gico y los m\u00e9todos utilizados para realizar el trabajo de investigaci\u00f3n. Es decir, la introducci\u00f3n es la fundamentaci\u00f3n cient\u00edfica del trabajo en forma resumida y debe estructurarse de la siguiente manera:<br>Antecedentes de trabajos similares<br>Razones por las que se realiz\u00f3 el trabajo y en qu\u00e9 consisti\u00f3 el problema<br>Hip\u00f3tesis (si es experimental)<br>Objetivos<br>Contribuciones del autor y las que corresponden a otras publicaciones<br>Resultados generales<br>Dificultades que se presentaron y sugerencias para continuar con la investigaci\u00f3n<br>Adem\u00e1s, deber\u00e1 incluir citas bibliogr\u00e1ficas, enumeradas con super\u00edndices consecutivamente en orden de menci\u00f3n.<br><br>Todos estos componentes deben estar incluidos dentro de la redacci\u00f3n sin ser considerados como subt\u00edtulo.<br>La introducci\u00f3n, se redacta en tiempo presente, pues son aspectos v\u00e1lidos hasta el momento y que mantienen su vigencia en el tiempo.<br><br>Ejemplo:<br><br>Uno de los grandes problemas que enfrenta un investigador surge cuando tiene que dar a conocer sus resultados, pues escribir no resulta tarea f\u00e1cil, m\u00e1s a\u00fan cuando el mundo actual se mueve en una especie de perfeccionamiento del vocabulario cient\u00edfico y surgen palabras muy complejas, como manifestaci\u00f3n de dichos cambios. A partir de esta problem\u00e1tica, el presente trabajo tiene el objetivo de proponer un grupo de sugerencias que contribuyan a que la labor de redactar un art\u00edculo cient\u00edfico se convierta en un acto de placer y de disfrute por parte de qui\u00e9n tiene la dif\u00edcil misi\u00f3n de buscar soluciones a los problemas y que sean conocidos por todos: comunidad cient\u00edfica, profesionales y la sociedad en general (\u2026).<br><br>9. MATERIAL Y M\u00c9TODOS: en esta parte deber\u00e1 especificar el material usado y la forma como se realiz\u00f3 la investigaci\u00f3n, poblaci\u00f3n y\/o material que se utiliz\u00f3, as\u00ed como los m\u00e9todos para obtener la poblaci\u00f3n, las muestras o los materiales, y los datos num\u00e9ricos. Descripci\u00f3n del material, de la poblaci\u00f3n y de datos adicionales; control, patr\u00f3n o testigo, aparatos utilizados identificados por el modelo y la marca de f\u00e1brica, especificaciones t\u00e9cnicas de los procedimientos y las cantidades exactas de las sustancias utilizadas, nombre gen\u00e9rico de los productos qu\u00edmicos, drogas usadas con la dosis y la forma de administraci\u00f3n.<br>Explicar\u00e1 los procedimientos usadas en forma detallada para permitir que otros investigadores pueden repetir el experimento; dise\u00f1o original creado por el autor o las modificaciones de las t\u00e9cnicas de los m\u00e9todos o de los instrumentos descritos o utilizados por otros autores, espec\u00edmenes especificados por el g\u00e9nero, la especie y de ser posible por la cepa de acuerdo a las normas taxon\u00f3micas. Cuando se trabaja con humanos en lugar de material se puede colocar pacientes o personas y m\u00e9todos, indicando las normas \u00e9ticas empleadas, procedimientos para el an\u00e1lisis estad\u00edstico, cuando sea necesario, especificando el programa de computaci\u00f3n utilizado.<br><br>Ejemplo:<br><br>La presente investigaci\u00f3n es un estudio de modelo descriptivo-correlacional, dise\u00f1o no experimental, aplicativo de tipo prospectivo, cualitativo y por el periodo de tiempo de corte y transversal. Respecto a la muestra, estuvo representada por 170 pacientes entre 45 y 65 a\u00f1os, con la cual se determin\u00f3 a trav\u00e9s del m\u00e9todo probabil\u00edsticamente y a quienes se aplic\u00f3 las t\u00e9cnicas de la entrevista individual y grupal as\u00ed como la observaci\u00f3n, junto a los instrumentos de gu\u00eda de informaci\u00f3n que estuvo consignada toda la informaci\u00f3n relacionada a la prevenci\u00f3n y detecci\u00f3n precoz del c\u00e1ncer de pr\u00f3stata que nos permiti\u00f3 concienciar al paciente para la realizaci\u00f3n de los ex\u00e1menes de ayuda diagn\u00f3stica para la prevenci\u00f3n de c\u00e1ncer de pr\u00f3stata. El cuestionario consign\u00f3 veinte preguntas relacionadas a la prevenci\u00f3n del c\u00e1ncer de pr\u00f3stata en adultos para medir la trascendencia social en la salud de la poblaci\u00f3n asegurada del Hospital II EsSalud Pucallpa; y finalmente la ficha de evaluaci\u00f3n es una ficha de recolecci\u00f3n de datos sobre los resultados del examen de ant\u00edgeno prost\u00e1tico espec\u00edfico, la ecograf\u00eda prost\u00e1tico abdominal y tacto rectal (\u2026).<br><br>Nota:<br><br>En esta secci\u00f3n se debe responder a la siguiente pregunta: \u00bfC\u00f3mo se hizo? Se debe dar detalle de todos y cada uno de los pasos que se siguieron para obtener los resultados, y de los materiales usados. De La Torre define al m\u00e9todo como el modo de proceder o el procedimiento seguido en las ciencias para hallar la verdad y demostrarla; constituyendo as\u00ed el dise\u00f1o de la investigaci\u00f3n. La metodolog\u00eda debe ser reproducible, de ah\u00ed la importancia de la claridad con que se exponga. Si el m\u00e9todo es conocido s\u00f3lo se menciona y se precisa la cita bibliogr\u00e1fica. Si es nuevo o si es un m\u00e9todo conocido pero que se ha modificado, debe explicarse detalladamente.<br><br>10. REFERENCIAS BIBLIOGR\u00c1FICAS: debe utilizarse el estilo APA, de las obras citadas en el trabajo y seg\u00fan orden alfab\u00e9tico: Apellido, nombre abreviado. A\u00f1o. T\u00edtulo: subt\u00edtulo. Edici\u00f3n. Lugar de publicaci\u00f3n: Editora.<br><br>Ejemplos:<br><br>Libro con autor:<br><br>Apellido, A.A. (A\u00f1o). T\u00edtulo. Ciudad, Pa\u00eds: Editorial.<br><br>Moster\u00edn, J. (2016) Arist\u00f3teles. Madrid, Espa\u00f1a: Alianza Editorial.<br><br>Libro con editor:<br><br>Apellido, A.A. (Ed.) T\u00edtulo. Ciudad, Pa\u00eds: Editorial<br><br>Navarro, C. (Ed.). (2016) Nuevas perspectivas sobre la filosof\u00eda de Kant. Madrid, Espa\u00f1a: Escolar y Mayo.<br><br>11. GR\u00c1FICOS, TABLAS Y FIGURA, CITADO CON APA<br><br>Tablas en formato APA:<br><br>Cuando una tabla, figura u otro tipo de gr\u00e1fico existente (por ejemplo una imagen) se toma de otra fuente se convierte en una imagen. Las normas APA 2017 (debe tratarse como una cita bibliogr\u00e1fica).<br><br>Si el elemento es una tabla, no es necesario aplicar las reglas de las normas APA 2017 para tablas en el siguiente caso:<br><br>Ejemplo de referencia a una tabla reproducida en el texto.<br><br>Los resultados de la Tabla 1 (Vera-Villarroel, L\u00f3pez, Lillo y Silva, 2018, pp. 85-102) muestran que (\u2026).<br><br>Como se puede comprobar en este ejemplo: el autor, la fecha y el n\u00famero de p\u00e1gina de la fuente se incluyen al igual que en otras citas bibliogr\u00e1ficas normales. Asimismo, debes referirte a la fuente completa en la lista de referencias:<br><br>Ejemplo de referencia a una tabla en la lista de referencias:<br><br>Vera-Villarroel, P., L\u00f3pez-L\u00f3pez, W., Lillo, S. y Silva, L. M. (2017). La producci\u00f3n cient\u00edfica en psicolog\u00eda latinoamericana. Revista latinoamericana de psicolog\u00eda, 34 (1), 92-104<br><br>Tablas formato APA:<br><br>Puedes utilizar la nota para proporcionar informaci\u00f3n que sirva para aclarar la tabla, la figura o el gr\u00e1fico. Por ejemplo para una tabla puedes comentar los valores de \u201cp\u201d, explicar las abreviaturas o agregar detalles relacionados con una fila o columna espec\u00edfica.<br><br>Tabla, figura o gr\u00e1fico de una fuente de internet:<br><br>Formato APA<br><br>Nota. Recuperado de \u201cT\u00edtulo del art\u00edculo\u201d, de apellido del autor, primera inicial. (d\u00eda, mes, a\u00f1o) recuperado de http:\/\/P\u00e1ginaWeb<br><br>Tabla, figura o gr\u00e1fico de un peri\u00f3dico:<br><br>Formato APA<br><br>Nota. Recuperado de \u201cT\u00edtulo del art\u00edculo\u201d, de apellido del autor, primera inicial. A\u00f1o, nombre del peri\u00f3dico, volumen, p\u00e1g., (n\u00famero de p\u00e1gina).<br><br>Tabla, figura o gr\u00e1fico de un libro:<br><br>Formato APA<br><br>Nota. Recuperado de \u201cT\u00edtulo del libro\u201d, de apellido del autor, primera inicial. A\u00f1o, n\u00famero de p\u00e1gina, ciudad, estado \/ pa\u00eds. Editorial.<br><br>Tablas en formato APA: DERECHOS DE AUTOR<br><br>Las normas APA 2017 indican que cuando se utiliza una tabla, figura o gr\u00e1fico de otra fuente, se deben mencionar los derechos de autor (tambi\u00e9n denominados copyright) del propietario del elemento en la nota. Esto es especialmente importante si planificas publicar tu art\u00edculo cient\u00edfico.<br><br>Tabla, figura o gr\u00e1fico de un libro:<br><br>Formato APA<br><br>Nota. Recuperado de \u201cT\u00edtulo del art\u00edculo\u201d, de apellido del autor, primera inicial. A\u00f1o, nombre del peri\u00f3dico, volumen, n\u00famero de p\u00e1gina; copyright a\u00f1o de editorial.<br><br>Declaraci\u00f3n de privacidad<br><br>Los nombres y las direcciones de correo electr\u00f3nico introducidos en esta revista se usar\u00e1n exclusivamente para los fines establecidos en ella y no se proporcionar\u00e1n a terceros o para su uso con otros fines.<\/p>\n","protected":false},"excerpt":{"rendered":"<p>El registro y el inicio de sesi\u00f3n son necesarios para enviar elementos en l\u00ednea y para comprobar el estado de los env\u00edos recientes. Ir a Iniciar sesi\u00f3n a una cuenta existente o Registrar una nueva cuenta. Lista de comprobaci\u00f3n para la preparaci\u00f3n de env\u00edos Como parte del proceso de env\u00edo, los autores\/as est\u00e1n obligados a [&hellip;]<\/p>\n","protected":false},"author":1,"featured_media":0,"parent":50,"menu_order":4,"comment_status":"closed","ping_status":"closed","template":"","meta":{"footnotes":""},"class_list":["post-197","page","type-page","status-publish","hentry"],"_links":{"self":[{"href":"https:\/\/revistaidentidad.unheval.edu.pe\/index.php\/wp-json\/wp\/v2\/pages\/197","targetHints":{"allow":["GET"]}}],"collection":[{"href":"https:\/\/revistaidentidad.unheval.edu.pe\/index.php\/wp-json\/wp\/v2\/pages"}],"about":[{"href":"https:\/\/revistaidentidad.unheval.edu.pe\/index.php\/wp-json\/wp\/v2\/types\/page"}],"author":[{"embeddable":true,"href":"https:\/\/revistaidentidad.unheval.edu.pe\/index.php\/wp-json\/wp\/v2\/users\/1"}],"replies":[{"embeddable":true,"href":"https:\/\/revistaidentidad.unheval.edu.pe\/index.php\/wp-json\/wp\/v2\/comments?post=197"}],"version-history":[{"count":5,"href":"https:\/\/revistaidentidad.unheval.edu.pe\/index.php\/wp-json\/wp\/v2\/pages\/197\/revisions"}],"predecessor-version":[{"id":553,"href":"https:\/\/revistaidentidad.unheval.edu.pe\/index.php\/wp-json\/wp\/v2\/pages\/197\/revisions\/553"}],"up":[{"embeddable":true,"href":"https:\/\/revistaidentidad.unheval.edu.pe\/index.php\/wp-json\/wp\/v2\/pages\/50"}],"wp:attachment":[{"href":"https:\/\/revistaidentidad.unheval.edu.pe\/index.php\/wp-json\/wp\/v2\/media?parent=197"}],"curies":[{"name":"wp","href":"https:\/\/api.w.org\/{rel}","templated":true}]}}