{"id":195,"date":"2023-12-02T19:26:07","date_gmt":"2023-12-03T00:26:07","guid":{"rendered":"https:\/\/revistaidentidad.unheval.edu.pe\/?page_id=195"},"modified":"2024-01-03T14:47:11","modified_gmt":"2024-01-03T19:47:11","slug":"revisar","status":"publish","type":"page","link":"https:\/\/revistaidentidad.unheval.edu.pe\/index.php\/archivos\/revisar\/","title":{"rendered":"Revisar"},"content":{"rendered":"\n<p>Revisores<br><br>En la carta de presentaci\u00f3n, los autores deben recomendar dos o tres posibles revisores para su art\u00edculo, dando sus nombres y direcciones de correo electr\u00f3nico. Tenga en cuenta que el editor decide en \u00faltima instancia si utiliza o no los revisores propuestos.<br><br>Presentaci\u00f3n y env\u00edo de manuscritos<br><br>Env\u00edo<br><br>Aceptamos manuscritos enviados a trav\u00e9s del sistema de env\u00edo de manuscritos, para lo cual debe registrarse con anticipaci\u00f3n en el sitio web de Revista Identidad.<br><br>Correspondencia<br><br>El correo electr\u00f3nico es la principal forma de correspondencia entre los autores y la revista. Es responsabilidad del autor de correspondencia coordinar la presentaci\u00f3n de solicitudes de revisi\u00f3n y preguntas sobre el trabajo en revisi\u00f3n, incluyendo, entre otras, preguntas sobre la integridad del trabajo, solicitudes de protocolos de estudio o informaci\u00f3n del registro de prueba, datos del estudio y documentaci\u00f3n de revisi\u00f3n institucional, aprobaci\u00f3n del comit\u00e9 de \u00e9tica, etc.<br><br>Reconocemos todos los manuscritos y asignamos a cada uno un n\u00famero de manuscrito \u00fanico y confidencial. Proporcionamos a todos los autores instrucciones para verificar el estado del manuscrito por correo electr\u00f3nico a trav\u00e9s de nuestro sistema de gesti\u00f3n de manuscritos.<br><br>Revisi\u00f3n interna y externa<br><br>Una vez recibido el manuscrito, el asistente editorial verifica si se cumplieron todas las instrucciones establecidas, y de no ser as\u00ed, ser\u00e1 devuelto al autor sin entrar al proceso de evaluaci\u00f3n. Durante este proceso se utiliza un software de similitud, proporcionado por la universidad. Si todo se ha cumplido, el manuscrito se env\u00eda para la evaluaci\u00f3n de los editores.<br><br>Cada manuscrito es evaluado por al menos dos revisores, seleccionados por uno de los editores. Los manuscritos enviados para revisi\u00f3n son comunicaciones privilegiadas y son propiedad privada de los autores. Por lo tanto, los revisores (como los miembros del equipo editorial) no discutir\u00e1n p\u00fablicamente el trabajo de los autores ni se apropiar\u00e1n de sus ideas antes de publicar el manuscrito. Los revisores no deben conservar copias de los manuscritos revisados \u200b\u200ben sus archivos personales y tienen prohibido compartir copias del manuscrito con otras personas. Los revisores deben destruir las copias de los manuscritos despu\u00e9s de enviar las revisiones. El revisor recibir\u00e1 una copia de nuestra carta de decisi\u00f3n al autor con los comentarios de los otros revisores. Estos tambi\u00e9n son confidenciales.<br><br>No existe comunicaci\u00f3n directa entre los autores y los revisores. Revista Identidad se maneja bajo el sistema de revisi\u00f3n por pares doble ciego, donde ni los autores ni los revisores conocen la identidad del otro grupo.<br><br>Decisi\u00f3n final<br><br>Una vez recibidos los informes de los revisores, el editor general, junto con los miembros del comit\u00e9 editorial, se re\u00fanen y, con base en los informes de los pares revisores, toman la decisi\u00f3n de aceptar el manuscrito en su totalidad, aceptarlo despu\u00e9s de cambios menores, determinar que el art\u00edculo solo puede ser aceptado si se realizan cambios importantes, o rechazar la presentaci\u00f3n.<br><br>Si existe controversia en cuanto a la decisi\u00f3n, el editor jefe tomar\u00e1 la decisi\u00f3n final de aceptar o rechazar el manuscrito, la cual ser\u00e1 avalada por el comit\u00e9 editorial.<br><br>El autor de correspondencia ser\u00e1 informado por correo electr\u00f3nico de las decisiones tomadas por el comit\u00e9 editorial.<br><br>Apelaci\u00f3n<br><br>Los autores que piensen que sus manuscritos fueron rechazados por error pueden enviar una carta de apelaci\u00f3n por correo electr\u00f3nico al editor que manej\u00f3 el manuscrito. La carta debe detallar la preocupaci\u00f3n del autor y establecer c\u00f3mo se puede revisar o aclarar el manuscrito para abordar las cuestiones clave mencionadas por los editores y revisores.<br>Los editores rara vez revierten sus decisiones originales. Muchos rechazos involucran juicios de prioridad de los editores que los autores generalmente no pueden abordar a trav\u00e9s de una apelaci\u00f3n. Una vez que se recibe una apelaci\u00f3n, los editores pueden confirmar su decisi\u00f3n de rechazar el manuscrito, invitar a un manuscrito revisado o buscar una revisi\u00f3n por pares adicional o una revisi\u00f3n estad\u00edstica del manuscrito original.<br><br>Archivo de revisi\u00f3n por pares<br><br>Con un compromiso de apertura y responsabilidad, y de aumentar el nivel de transparencia a lo largo de nuestro proceso de revisi\u00f3n por pares, Revista Identidad ha decidido implementar un proceso de revisi\u00f3n por pares transparente para todos los manuscritos enviados a la revista.<br><br>La pr\u00e1ctica contemplar\u00e1 la inclusi\u00f3n de un \u201carchivo de revisi\u00f3n por pares\u201d (un registro de los informes de los revisores y las respuestas de los autores) en la nota al pie del art\u00edculo correspondiente. El archivo de revisi\u00f3n por pares se publicar\u00e1 en l\u00ednea (solo) junto con el art\u00edculo.<br><br>Cargos y pagos<br><br>Revista identidad no cobra honorarios por el env\u00edo de manuscritos, ni por la evaluaci\u00f3n o publicaci\u00f3n de art\u00edculos.<br><br>Manuscritos aceptados<br><br>Prueba de impresi\u00f3n<br><br>Se enviar\u00e1 una prueba del art\u00edculo al autor de correspondencia. Se revisar\u00e1 la prueba de impresi\u00f3n y se marcar\u00e1n los posibles errores, devolviendo la prueba revisada en un plazo m\u00e1ximo de 48 horas. Esta prueba tiene como objetivo detectar errores tipogr\u00e1ficos, ortogr\u00e1ficos o de forma. No se aceptar\u00e1n correcciones que afecten el contenido o que modifiquen el art\u00edculo en su sentido original. Si no se reciben las correcciones en el plazo establecido, el Consejo Editorial no ser\u00e1 responsable de ning\u00fan error u omisi\u00f3n que pueda publicarse.<br><br>El Comit\u00e9 Editorial se reserva el derecho de admitir o rechazar las correcciones realizadas por el autor en la prueba.<br><br>Comunicaci\u00f3n general<br><br>El autor de correspondencia del art\u00edculo podr\u00e1 consultar al correo electr\u00f3nico identidad.fce.unheval@gmail.com en cualquier momento sobre el avance de la revisi\u00f3n de su art\u00edculo o sobre cualquier duda que le surja.<\/p>\n","protected":false},"excerpt":{"rendered":"<p>Revisores En la carta de presentaci\u00f3n, los autores deben recomendar dos o tres posibles revisores para su art\u00edculo, dando sus nombres y direcciones de correo electr\u00f3nico. Tenga en cuenta que el editor decide en \u00faltima instancia si utiliza o no los revisores propuestos. Presentaci\u00f3n y env\u00edo de manuscritos Env\u00edo Aceptamos manuscritos enviados a trav\u00e9s del [&hellip;]<\/p>\n","protected":false},"author":1,"featured_media":0,"parent":50,"menu_order":3,"comment_status":"closed","ping_status":"closed","template":"","meta":{"footnotes":""},"class_list":["post-195","page","type-page","status-publish","hentry"],"_links":{"self":[{"href":"https:\/\/revistaidentidad.unheval.edu.pe\/index.php\/wp-json\/wp\/v2\/pages\/195","targetHints":{"allow":["GET"]}}],"collection":[{"href":"https:\/\/revistaidentidad.unheval.edu.pe\/index.php\/wp-json\/wp\/v2\/pages"}],"about":[{"href":"https:\/\/revistaidentidad.unheval.edu.pe\/index.php\/wp-json\/wp\/v2\/types\/page"}],"author":[{"embeddable":true,"href":"https:\/\/revistaidentidad.unheval.edu.pe\/index.php\/wp-json\/wp\/v2\/users\/1"}],"replies":[{"embeddable":true,"href":"https:\/\/revistaidentidad.unheval.edu.pe\/index.php\/wp-json\/wp\/v2\/comments?post=195"}],"version-history":[{"count":5,"href":"https:\/\/revistaidentidad.unheval.edu.pe\/index.php\/wp-json\/wp\/v2\/pages\/195\/revisions"}],"predecessor-version":[{"id":550,"href":"https:\/\/revistaidentidad.unheval.edu.pe\/index.php\/wp-json\/wp\/v2\/pages\/195\/revisions\/550"}],"up":[{"embeddable":true,"href":"https:\/\/revistaidentidad.unheval.edu.pe\/index.php\/wp-json\/wp\/v2\/pages\/50"}],"wp:attachment":[{"href":"https:\/\/revistaidentidad.unheval.edu.pe\/index.php\/wp-json\/wp\/v2\/media?parent=195"}],"curies":[{"name":"wp","href":"https:\/\/api.w.org\/{rel}","templated":true}]}}