{"id":193,"date":"2023-12-02T19:25:33","date_gmt":"2023-12-03T00:25:33","guid":{"rendered":"https:\/\/revistaidentidad.unheval.edu.pe\/?page_id=193"},"modified":"2024-01-03T14:44:25","modified_gmt":"2024-01-03T19:44:25","slug":"categoria-de-manuscritos","status":"publish","type":"page","link":"https:\/\/revistaidentidad.unheval.edu.pe\/index.php\/archivos\/categoria-de-manuscritos\/","title":{"rendered":"Categor\u00eda de manuscritos"},"content":{"rendered":"\n<p>Categor\u00eda de manuscritos<br><br>Revista Identidad publica manuscritos que resultan de proyectos de investigaci\u00f3n en las siguientes \u00e1reas:<br><br>Editorial<br><br>Se incluyen a solicitud del editor, su contenido se referir\u00e1 a los art\u00edculos publicados en el mismo n\u00famero de la revista, o tratar\u00e1n temas de inter\u00e9s seg\u00fan la pol\u00edtica editorial. Se aceptar\u00e1 un m\u00e1ximo de 1500 palabras y 10 referencias.<br><br>Realice un nuevo env\u00edo a la secci\u00f3n Editorial .<br><br>Investigaci\u00f3n original<br><br>Se aceptar\u00e1n estudios originales en las \u00e1reas sociales, educaci\u00f3n y humanidades. La extensi\u00f3n m\u00e1xima del texto ser\u00e1 de 3.000 palabras. El resumen no debe exceder las 250 palabras y debe dividirse en secciones (generalmente en cuatro p\u00e1rrafos con los siguientes subt\u00edtulos: Antecedentes, M\u00e9todos, Resultados y Conclusiones). Se aceptar\u00e1n un n\u00famero de 3-5 palabras clave y hasta 6 figuras y\/o tablas. No hay l\u00edmites para las referencias.<br><br>Haz un nuevo env\u00edo a la secci\u00f3n Art\u00edculo original .<br><br>Cartas al editor<br><br>En esta secci\u00f3n se publican la discusi\u00f3n de art\u00edculos publicados en los dos \u00faltimos n\u00fameros de la revista y\/o el aporte de opiniones, observaciones o experiencias que por sus caracter\u00edsticas pueden resumirse en un breve texto. La extensi\u00f3n m\u00e1xima ser\u00e1 de 700 palabras. Se aceptar\u00e1n un m\u00e1ximo de 10 referencias bibliogr\u00e1ficas y se admitir\u00e1 una figura o una tabla. Se debe incluir el t\u00edtulo y hasta 3 palabras clave.<br><br>Realice un nuevo env\u00edo a la secci\u00f3n Cartas al editor .<br><br><br><br><\/p>\n","protected":false},"excerpt":{"rendered":"<p>Categor\u00eda de manuscritos Revista Identidad publica manuscritos que resultan de proyectos de investigaci\u00f3n en las siguientes \u00e1reas: Editorial Se incluyen a solicitud del editor, su contenido se referir\u00e1 a los art\u00edculos publicados en el mismo n\u00famero de la revista, o tratar\u00e1n temas de inter\u00e9s seg\u00fan la pol\u00edtica editorial. Se aceptar\u00e1 un m\u00e1ximo de 1500 palabras [&hellip;]<\/p>\n","protected":false},"author":1,"featured_media":0,"parent":50,"menu_order":2,"comment_status":"closed","ping_status":"closed","template":"","meta":{"footnotes":""},"class_list":["post-193","page","type-page","status-publish","hentry"],"_links":{"self":[{"href":"https:\/\/revistaidentidad.unheval.edu.pe\/index.php\/wp-json\/wp\/v2\/pages\/193","targetHints":{"allow":["GET"]}}],"collection":[{"href":"https:\/\/revistaidentidad.unheval.edu.pe\/index.php\/wp-json\/wp\/v2\/pages"}],"about":[{"href":"https:\/\/revistaidentidad.unheval.edu.pe\/index.php\/wp-json\/wp\/v2\/types\/page"}],"author":[{"embeddable":true,"href":"https:\/\/revistaidentidad.unheval.edu.pe\/index.php\/wp-json\/wp\/v2\/users\/1"}],"replies":[{"embeddable":true,"href":"https:\/\/revistaidentidad.unheval.edu.pe\/index.php\/wp-json\/wp\/v2\/comments?post=193"}],"version-history":[{"count":4,"href":"https:\/\/revistaidentidad.unheval.edu.pe\/index.php\/wp-json\/wp\/v2\/pages\/193\/revisions"}],"predecessor-version":[{"id":548,"href":"https:\/\/revistaidentidad.unheval.edu.pe\/index.php\/wp-json\/wp\/v2\/pages\/193\/revisions\/548"}],"up":[{"embeddable":true,"href":"https:\/\/revistaidentidad.unheval.edu.pe\/index.php\/wp-json\/wp\/v2\/pages\/50"}],"wp:attachment":[{"href":"https:\/\/revistaidentidad.unheval.edu.pe\/index.php\/wp-json\/wp\/v2\/media?parent=193"}],"curies":[{"name":"wp","href":"https:\/\/api.w.org\/{rel}","templated":true}]}}