{"id":187,"date":"2023-12-02T19:20:16","date_gmt":"2023-12-03T00:20:16","guid":{"rendered":"https:\/\/revistaidentidad.unheval.edu.pe\/?page_id=187"},"modified":"2024-01-03T14:41:42","modified_gmt":"2024-01-03T19:41:42","slug":"derechos-de-propiedad","status":"publish","type":"page","link":"https:\/\/revistaidentidad.unheval.edu.pe\/index.php\/archivos\/derechos-de-propiedad\/","title":{"rendered":"Derechos de propiedad"},"content":{"rendered":"\n<p style=\"text-align:justify\">La <b><i>Revista Identidad<\/b><\/i> se publica electr\u00f3nicamente, con acceso abierto. Los usuarios pueden leer, descargar, copiar, distribuir, imprimir, buscar o enlazar los textos completos de los art\u00edculos, o utilizarlos para cualquier otro fin l\u00edcito, sin pedir permiso al editor o al autor, todo bajo la licencia Creative Commons. CC-BY .<br><br>Los autores conservan todos los derechos de propiedad sobre su trabajo publicado en nuestra revista.<br><br>Pol\u00edtica \u00e9tica<br><br>\u00c9tica en la investigaci\u00f3n<br><br>Todos los art\u00edculos de investigaci\u00f3n publicados por la Revista Identidad est\u00e1n sujetos a rigurosos est\u00e1ndares \u00e9ticos. La revista suscribe el C\u00f3digo de Conducta del Comit\u00e9 de \u00c9tica de Publicaciones (COPE), as\u00ed como las Normas Internacionales para Editores y Directrices para Autores de COPE.<br><br>Pol\u00edtica de retracci\u00f3n dee manuscritos<br><br><b><i>Revista Identidad<\/b><\/i> puede retirar art\u00edculos basados \u200b\u200ben informaci\u00f3n de autores, patrocinadores acad\u00e9micos o institucionales o editores debido a errores generalizados o datos no probados o irreproducibles. Nos apegamos a las directrices dadas por la COPE (https:\/\/doi.org\/10.24318\/cope.2019.1.4), relativas a las causas de retractaci\u00f3n de art\u00edculos publicados, las cuales son:<br><br>a. Incumplimiento de requisitos en el proceso editorial<br><br>b. La falsedad comprobada de la informaci\u00f3n y con la cual se adelant\u00f3 el proceso editorial.<br><br>C. La constataci\u00f3n de malas pr\u00e1cticas editoriales por parte de los autores.<br><br>d. Incumplimiento de los principios \u00e9ticos que debieron ser observados.<br><br>e. Incluir deliberadamente informaci\u00f3n inexacta.<br><br>Miembros editoriales y editores<br><br>Los miembros del consejo editorial y los editores deben declarar cualquier conflicto de inter\u00e9s al realizar el proceso editorial de los manuscritos enviados a la revista.<br><br>Adem\u00e1s, deber\u00e1n ser excluidos del manejo de manuscritos en los casos en que exista un conflicto de inter\u00e9s declarado. Estos conflictos pueden ser haber publicado previamente con uno o m\u00e1s de los autores, tener la misma filiaci\u00f3n que uno o m\u00e1s de los autores, entre otros.<br><br>El editor como autor<br><br>Cuando un editor o miembro del consejo editorial se encuentre en la lista de autores, deber\u00e1 declararlo en la secci\u00f3n de conflictos de inter\u00e9s del manuscrito enviado. Este manuscrito se asignar\u00e1 a otro editor o miembro del consejo editorial para que asuma la responsabilidad de supervisar la revisi\u00f3n por pares.<br><br>Los miembros del Consejo Editorial pueden enviar art\u00edculos a la revista. Estas presentaciones est\u00e1n sujetas al mismo proceso de revisi\u00f3n que cualquier otro manuscrito. Los manuscritos enviados por los autores no tienen prioridad sobre otros manuscritos, y la condici\u00f3n de miembro del consejo editorial no influye en la decisi\u00f3n editorial.<br><br>Revisores<br><br>Los revisores deben revelar a los editores cualquier conflicto de intereses que pueda alterar sus puntos de vista sobre el manuscrito y deben abstenerse de revisar manuscritos espec\u00edficos si existe la posibilidad de sesgo. El silencio de los revisores con respecto a posibles conflictos puede significar que existen conflictos y no han sido revelados por el revisor o que no existen conflictos; por lo tanto, Revista Identidad, en el sistema de gesti\u00f3n editorial, solicita a los revisores que indiquen expl\u00edcitamente si existen o no conflictos. Los revisores no pueden usar el privilegio de conocer el manuscrito para su propio beneficio.<br><br>Pol\u00edtica antiplagio<br><br>Plagio<br><br>Revista Identidad utiliza un software en l\u00ednea para buscar plagio (en realidad, Turnitin ). Todos los art\u00edculos que muestren signos de plagio ser\u00e1n devueltos a sus autores sin iniciar el proceso de revisi\u00f3n.<br><br><br><br><br><br><br><br><br><br><br><br><br><\/p>\n","protected":false},"excerpt":{"rendered":"<p>La Revista Identidad se publica electr\u00f3nicamente, con acceso abierto. Los usuarios pueden leer, descargar, copiar, distribuir, imprimir, buscar o enlazar los textos completos de los art\u00edculos, o utilizarlos para cualquier otro fin l\u00edcito, sin pedir permiso al editor o al autor, todo bajo la licencia Creative Commons. CC-BY . Los autores conservan todos los derechos [&hellip;]<\/p>\n","protected":false},"author":1,"featured_media":0,"parent":50,"menu_order":1,"comment_status":"closed","ping_status":"closed","template":"","meta":{"footnotes":""},"class_list":["post-187","page","type-page","status-publish","hentry"],"_links":{"self":[{"href":"https:\/\/revistaidentidad.unheval.edu.pe\/index.php\/wp-json\/wp\/v2\/pages\/187","targetHints":{"allow":["GET"]}}],"collection":[{"href":"https:\/\/revistaidentidad.unheval.edu.pe\/index.php\/wp-json\/wp\/v2\/pages"}],"about":[{"href":"https:\/\/revistaidentidad.unheval.edu.pe\/index.php\/wp-json\/wp\/v2\/types\/page"}],"author":[{"embeddable":true,"href":"https:\/\/revistaidentidad.unheval.edu.pe\/index.php\/wp-json\/wp\/v2\/users\/1"}],"replies":[{"embeddable":true,"href":"https:\/\/revistaidentidad.unheval.edu.pe\/index.php\/wp-json\/wp\/v2\/comments?post=187"}],"version-history":[{"count":6,"href":"https:\/\/revistaidentidad.unheval.edu.pe\/index.php\/wp-json\/wp\/v2\/pages\/187\/revisions"}],"predecessor-version":[{"id":547,"href":"https:\/\/revistaidentidad.unheval.edu.pe\/index.php\/wp-json\/wp\/v2\/pages\/187\/revisions\/547"}],"up":[{"embeddable":true,"href":"https:\/\/revistaidentidad.unheval.edu.pe\/index.php\/wp-json\/wp\/v2\/pages\/50"}],"wp:attachment":[{"href":"https:\/\/revistaidentidad.unheval.edu.pe\/index.php\/wp-json\/wp\/v2\/media?parent=187"}],"curies":[{"name":"wp","href":"https:\/\/api.w.org\/{rel}","templated":true}]}}