{"id":175,"date":"2023-12-02T19:04:34","date_gmt":"2023-12-03T00:04:34","guid":{"rendered":"https:\/\/revistaidentidad.unheval.edu.pe\/?page_id=175"},"modified":"2023-12-14T17:02:54","modified_gmt":"2023-12-14T22:02:54","slug":"equipo-editorial","status":"publish","type":"page","link":"https:\/\/revistaidentidad.unheval.edu.pe\/index.php\/4-2\/equipo-editorial\/","title":{"rendered":"Equipo editorial"},"content":{"rendered":"\n<h2 class=\"wp-block-heading\">EDITOR<\/h2>\n\n\n\n<div class=\"wp-block-media-text is-stacked-on-mobile\" style=\"grid-template-columns:47% auto\"><figure class=\"wp-block-media-text__media\"><img loading=\"lazy\" decoding=\"async\" width=\"800\" height=\"1024\" src=\"https:\/\/revistaidentidad.unheval.edu.pe\/wp-content\/uploads\/2023\/12\/UploadFotoPath-2-800x1024.jpeg\" alt=\"\" class=\"wp-image-282 size-full\" srcset=\"https:\/\/revistaidentidad.unheval.edu.pe\/wp-content\/uploads\/2023\/12\/UploadFotoPath-2-800x1024.jpeg 800w, https:\/\/revistaidentidad.unheval.edu.pe\/wp-content\/uploads\/2023\/12\/UploadFotoPath-2-234x300.jpeg 234w, https:\/\/revistaidentidad.unheval.edu.pe\/wp-content\/uploads\/2023\/12\/UploadFotoPath-2-768x983.jpeg 768w, https:\/\/revistaidentidad.unheval.edu.pe\/wp-content\/uploads\/2023\/12\/UploadFotoPath-2.jpeg 1000w\" sizes=\"auto, (max-width: 800px) 100vw, 800px\" \/><\/figure><div class=\"wp-block-media-text__content\">\n<p><strong>Dr. ARTURO LUCAS CABELLO<\/strong><\/p>\n\n\n\n<div style=\"height:27px\" aria-hidden=\"true\" class=\"wp-block-spacer\"><\/div>\n\n\n\n<p style=\"text-align: justify\">Universidad Nacional Hermilio Valdiz\u00e1n.<br>alucasc59@hotmail.com \u2013 943937002<br>Orcid:https:\/\/orcid.org\/0000-0003-4429-8438<br>Naci\u00f3 en Cerro de Pasco, el 24 de septiembre de 1959. Doctor en filosof\u00eda por la Universidad Nacional Mayor de San Marcos, Magister en sociolog\u00eda por la Universidad Federico Villareal, Licenciado en Ciencias de la Educaci\u00f3n, especialidad de Filosof\u00eda \u2013 Psicolog\u00eda y Ciencias Sociales, por la Universidad Hermilio Valdiz\u00e1n, Docente de la Escuela de Post Grado de la Universidad Hermilio Valdiz\u00e1n, estancia de pasant\u00eda en la Universidad Complutense Facultad de Filosof\u00eda de Madrid, Miembro de la Asociaci\u00f3n Iberoamericana de Filosof\u00eda Pr\u00e1ctica, Editor de la Revista Identidad de la Facultad de Ciencias de la Educaci\u00f3n, Coordinador y Fundador de las Reflexiones Filos\u00f3ficas de la Escuela, Publicaciones de art\u00edculos en Revista indexadas, ha desempe\u00f1ado el cargo de Decano (2010 \u2013 2013), Jefe de Departamento Acad\u00e9mico, Director de Escuela de Letras y Director de la Unidad de Posgrado de la Facultad de Ciencias de la Educaci\u00f3n \u2013 UNHEVAL<br>Especialista en Filosof\u00eda, Psicolog\u00eda y Ciencias Sociales<\/p>\n\n\n\n<div style=\"height:100px\" aria-hidden=\"true\" class=\"wp-block-spacer\"><\/div>\n<\/div><\/div>\n\n\n\n<!--nextpage-->\n\n\n\n<h2 class=\"wp-block-heading\">COMIT\u00c9 ELECTORAL<\/h2>\n\n\n\n<div class=\"wp-block-media-text is-stacked-on-mobile\"><figure class=\"wp-block-media-text__media\"><img loading=\"lazy\" decoding=\"async\" width=\"677\" height=\"677\" src=\"https:\/\/revistaidentidad.unheval.edu.pe\/wp-content\/uploads\/2023\/12\/HILARION.png\" alt=\"\" class=\"wp-image-284 size-full\" srcset=\"https:\/\/revistaidentidad.unheval.edu.pe\/wp-content\/uploads\/2023\/12\/HILARION.png 677w, https:\/\/revistaidentidad.unheval.edu.pe\/wp-content\/uploads\/2023\/12\/HILARION-300x300.png 300w, https:\/\/revistaidentidad.unheval.edu.pe\/wp-content\/uploads\/2023\/12\/HILARION-150x150.png 150w\" sizes=\"auto, (max-width: 677px) 100vw, 677px\" \/><\/figure><div class=\"wp-block-media-text__content\">\n<p style=\"text-align: justify\"><strong>Hilari\u00f3n Delermino Paucar Coz<\/strong><br><strong>Universidad Nacional Hermilio Valdiz\u00e1n.<\/strong><br>Paucarhilarion821@gmail. com<br>Doctor en Ciencias de la Educaci\u00f3n por la Universidad Nacional Hermilio Valdiz\u00e1n de Hu\u00e1nuco \u2013 Per\u00fa.<br>Magister en Educaci\u00f3n, con menci\u00f3n en: Gesti\u00f3n y planeamiento Educativo por la Universidad Nacional Hermilio Valdiz\u00e1n de Hu\u00e1nuco. Per\u00fa<br>Licenciado en Educaci\u00f3n en la Especialidad de Filosof\u00eda, Psicolog\u00eda y Ciencias Sociales por la Universidad Nacional Hermilio Valdiz\u00e1n de Hu\u00e1nuco.<br>Actualmente se desempe\u00f1a como docente de la Escuela Profesional de Filosof\u00eda, Psicolog\u00eda y Ciencias Sociales, en la Facultad de Ciencias de la Educaci\u00f3n de la Universidad Nacional Hermilio Valdiz\u00e1n de Hu\u00e1nuco.<br>Es autor de publicaciones sobre Educaci\u00f3n Ciudadana y art\u00edculos sobre Ciudadan\u00eda e Interculturalidad.<br>Ha participado en cert\u00e1menes acad\u00e9micos como ponente, panelista y asistente.<\/p>\n<\/div><\/div>\n\n\n\n<!--nextpage-->\n\n\n\n<h2 class=\"wp-block-heading\">COMIT\u00c9 ELECTORAL<\/h2>\n\n\n\n<div class=\"wp-block-media-text is-stacked-on-mobile\"><figure class=\"wp-block-media-text__media\"><img loading=\"lazy\" decoding=\"async\" width=\"318\" height=\"446\" src=\"https:\/\/revistaidentidad.unheval.edu.pe\/wp-content\/uploads\/2023\/12\/22417860.jpg\" alt=\"\" class=\"wp-image-285 size-full\" srcset=\"https:\/\/revistaidentidad.unheval.edu.pe\/wp-content\/uploads\/2023\/12\/22417860.jpg 318w, https:\/\/revistaidentidad.unheval.edu.pe\/wp-content\/uploads\/2023\/12\/22417860-214x300.jpg 214w\" sizes=\"auto, (max-width: 318px) 100vw, 318px\" \/><\/figure><div class=\"wp-block-media-text__content\">\n<p style=\"text-align: justify\"><strong>Wilfredo Sotil Cortavarr\u00eda<\/strong><br><br><strong>Universidad Nacional Hermilio Valdiz\u00e1n.<\/strong><br>Correo personal: sotilx100pre@gmail.com<br>Correo institucional: wsotil@unheval.edu.pe.<br><br>Doctor en Ciencias de la Educaci\u00f3n por la Universidad Nacional Hermilio Valdiz\u00e1n.<br>Magister en Educaci\u00f3n en la menci\u00f3n de Gesti\u00f3n y Planteamiento Educativo.<br>Licenciado en Ciencias de la Educaci\u00f3n, especialidad de Filosof\u00eda \u2013 Psicolog\u00eda y Ciencias Sociales, por la Universidad Hermilio Valdiz\u00e1n.<br>Segunda Especialidad Profesional en Ciencias de la Educaci\u00f3n. Menci\u00f3n: Educaci\u00f3n Inicial.<br>T\u00edtulo de Abogado. Universidad Cat\u00f3lica Los \u00c1ngeles de Chimbote.<br>Bachiller en Ciencias Pol\u00edticas en la Universidad Cat\u00f3lica Los \u00c1ngeles de Chimbote.<br>Docente de la Escuela de Post Grado de la Universidad Hermilio Valdiz\u00e1n.<br>Pasant\u00eda y estancia en la Universidad de Vigo en Espa\u00f1a.<br>Pasant\u00eda a la Universidad de Nueva Le\u00f3n en Monterrey \u2013 M\u00e9xico.<br>Integrante de la Comisi\u00f3n editorial de la Revista Identidad de la Facultad de Ciencias de la Educaci\u00f3n.<br>Presidente de imagen institucional de la facultad de Ciencias de la Educaci\u00f3n.<br>Publicaciones de art\u00edculos en Revista indexadas.<br>Director de Bienestar Universitario de la UNHEVAL (2006 \u2013 2008).<br>Jefe de Departamento Acad\u00e9mico EPEB (2008 \u2013 2009).<br>Coordinador del Programa de Profesionalizaci\u00f3n PROPROF de la UNHEVAL (2010-2012).<br>Coordinador de Postgrado de la secci\u00f3n descentralizada de Cerro de Pasco, de la UNHEVAL (2013-2014).<br>Coordinador de Postgrado de la secci\u00f3n descentralizada de Satipo-Jun\u00edn, de la UNHEVAL (2014-2015).<br>Coordinador Acad\u00e9mico del Centro Pre Universitario, CEPREVAL (2017-2018.<br>Miembro del Comit\u00e9 de Admisi\u00f3n de la UNHEVAL (2018).<br>Director de la Escuela Acad\u00e9mico Profesional de Educaci\u00f3n Inicial. (2018 \u2013 2020).<br>Miembro del Comit\u00e9 electoral universitario de la UNHEVAL (2021 -2022).<\/p>\n<\/div><\/div>\n\n\n\n<!--nextpage-->\n\n\n\n<h2 class=\"wp-block-heading\">COMIT\u00c9 ELECTORAL<\/h2>\n\n\n\n<div class=\"wp-block-media-text is-stacked-on-mobile\"><figure class=\"wp-block-media-text__media\"><img loading=\"lazy\" decoding=\"async\" width=\"380\" height=\"470\" src=\"https:\/\/revistaidentidad.unheval.edu.pe\/wp-content\/uploads\/2023\/12\/FOTO-8.jpg\" alt=\"\" class=\"wp-image-304 size-full\" srcset=\"https:\/\/revistaidentidad.unheval.edu.pe\/wp-content\/uploads\/2023\/12\/FOTO-8.jpg 380w, https:\/\/revistaidentidad.unheval.edu.pe\/wp-content\/uploads\/2023\/12\/FOTO-8-243x300.jpg 243w\" sizes=\"auto, (max-width: 380px) 100vw, 380px\" \/><\/figure><div class=\"wp-block-media-text__content\">\n<p>Miguel Polo Santill\u00e1n<\/p>\n\n\n\n<p>Universidad Nacional Mayor de San Marcos<br>CORREO<\/p>\n\n\n\n<p style=\"text-align: justify\">1987 Contratado como Ayudante de C\u00e1tedra en la UNMSM por 10 horas. Resoluci\u00f3n Rectoral N\u00ba 88959 del 13 de Julio de 1987 UNMSM.<br>\u2013 1989 \u2013 1993 Contratado como docente en el Departamento Acad\u00e9mico de Filosof\u00eda de la Universidad Nacional Mayor de San Marcos.<br>\u2013 1993 Nombrado como Jefe de Pr\u00e1ctica (TC-40 horas), docente en el Departamento Acad\u00e9mico de Filosof\u00eda de la Universidad Nacional Mayor de San Marcos. Resoluci\u00f3n Rectoral N\u00ba 114876, 22 de diciembre de 1993-UNMSM.<br>\u2013 2004-2007 Nombrado como Director de la Escuela Acad\u00e9mico-Profesional de Filosof\u00eda de la Universidad Nacional Mayor de San Marcos.<\/p>\n<\/div><\/div>\n\n\n\n<!--nextpage-->\n\n\n\n<h2 class=\"wp-block-heading\">COMIT\u00c9 ELECTORAL<\/h2>\n\n\n\n<div class=\"wp-block-media-text is-stacked-on-mobile\"><figure class=\"wp-block-media-text__media\"><\/figure><div class=\"wp-block-media-text__content\">\n<p>Caleb Miraval Trinidad<\/p>\n\n\n\n<p>Universidad Nacional Hermilio Valdiz\u00e1n.<br>josuemiraval@hotmail.com<\/p>\n\n\n\n<p style=\"text-align: justify\">Caleb Josu\u00e9 Miraval Trinidad es licenciado en ciencias de la educaci\u00f3n, especialidad biolog\u00eda y qu\u00edmica por la Universidad Nacional Hermilio Valdiz\u00e1n, cuenta con una maestr\u00eda en Gesti\u00f3n y Planeamiento Educativo realizado en la universidad mencionada, un diplomado en Formaci\u00f3n Magisterial por la Pontificia Universidad Cat\u00f3lica del Per\u00fa, es miembro del comit\u00e9 editorial de la Revista Identidad . Como docente ha trabajado en el Centro Pre Universitario y en las facultades de Obstetricia y Enfermer\u00eda de la UNHEVAL. Actualmente se desempe\u00f1a como docente en la Facultad de Ciencias de la Educaci\u00f3n y en el Programa de Segunda Especialidad de la Universidad Hermilio Valdiz\u00e1n.<\/p>\n<\/div><\/div>\n\n\n\n<!--nextpage-->\n\n\n\n<h2 class=\"wp-block-heading\"><strong>COMIT\u00c9 ELECTORAL<\/strong><\/h2>\n\n\n\n<div class=\"wp-block-media-text is-stacked-on-mobile\"><figure class=\"wp-block-media-text__media\"><img loading=\"lazy\" decoding=\"async\" width=\"687\" height=\"1024\" src=\"https:\/\/revistaidentidad.unheval.edu.pe\/wp-content\/uploads\/2023\/12\/ADALBERTO-WhatsApp-Image-2023-09-01-at-2.28.31-PM.jpeg-687x1024.jpg\" alt=\"\" class=\"wp-image-305 size-full\" srcset=\"https:\/\/revistaidentidad.unheval.edu.pe\/wp-content\/uploads\/2023\/12\/ADALBERTO-WhatsApp-Image-2023-09-01-at-2.28.31-PM.jpeg-687x1024.jpg 687w, https:\/\/revistaidentidad.unheval.edu.pe\/wp-content\/uploads\/2023\/12\/ADALBERTO-WhatsApp-Image-2023-09-01-at-2.28.31-PM.jpeg-201x300.jpg 201w, https:\/\/revistaidentidad.unheval.edu.pe\/wp-content\/uploads\/2023\/12\/ADALBERTO-WhatsApp-Image-2023-09-01-at-2.28.31-PM.jpeg.jpg 715w\" sizes=\"auto, (max-width: 687px) 100vw, 687px\" \/><\/figure><div class=\"wp-block-media-text__content\">\n<p style=\"text-align: justify\">Adalberto Lucas Cabello<br><br>Universidad Nacional Hermilio Valdiz\u00e1n<br>adalberto_lucas@hotmail.com<br><br>Doctor en Ciencias de la Educaci\u00f3n y Mag\u00edster en Investigaci\u00f3n y Docencia Superior, ambos estudios realizados en la Universidad Nacional Hermilio Valdiz\u00e1n. Licenciado en Filosof\u00eda, Psicolog\u00eda y Ciencias Sociales de la misma Casa Superior de Estudios. En la actualidad se ejerce su profesi\u00f3n en su condici\u00f3n de docente en la categor\u00eda principal en la misma universidad y, presta servicios en diversas Escuelas de Posgrado del centro y oriente peruano. Es autor de art\u00edculos cient\u00edficos publicadas en revistas indizadas entre ellas: Pensamiento l\u00f3gico matem\u00e1tico en docentes de educaci\u00f3n secundaria: una perspectiva etnomatem\u00e1tica, Escepticismo epistemol\u00f3gico en las matem\u00e1ticas y naturaleza \u201cca\u00f3tica\u201d de los n\u00fameros primos y Perspectivas epistemol\u00f3gicas como fundamento de las ciencias. Son sus l\u00edneas de investigaci\u00f3n Epistemolog\u00eda, Filosof\u00eda de las matem\u00e1ticas, Filosof\u00eda de la ciencia.<\/p>\n<\/div><\/div>\n\n\n\n<!--nextpage-->\n\n\n\n<h2 class=\"wp-block-heading\">COMIT\u00c9 ELECTORAL<\/h2>\n\n\n\n<div class=\"wp-block-media-text is-stacked-on-mobile\"><figure class=\"wp-block-media-text__media\"><\/figure><div class=\"wp-block-media-text__content\">\n<p>Richard Orozco Contreras (UNMS)<\/p>\n\n\n\n<p>Universidad Nacional Mayor de San Marcos<br>richard.orozco@unmsm.edu.pe<\/p>\n\n\n\n<p style=\"text-align: justify\">Doctor en filosof\u00eda por la Pontificia Universidad Cat\u00f3lica del Per\u00fa. Magister en Filosof\u00eda por la misma universidad. Licenciado en humanidades con menci\u00f3n en filosof\u00eda tambi\u00e9n por la PUCP. Actualmente se desempe\u00f1a como Profesor Asociado de la UNMSM. Coordinador del Doctorado de filosof\u00eda en la UNMSM. Coordinador del Grupo de Investigaci\u00f3n EPISTEME-UNMSM. Es editor de La racionalidad y sus laberintos (UNIF\u00c9, 2022) y coautor de Pensamiento y acci\u00f3n. La filosof\u00eda peruana a comienzos del siglo XX (PUCP, 2010). Adem\u00e1s es autor de numerosos art\u00edculos en revistas especializadas. Fue ganador de la Beca Huiracocha (PUCP \u2013 2010). Sus l\u00edneas de investigaci\u00f3n son la Epistemolog\u00eda, Filosof\u00eda de la ciencia, Filosof\u00eda de la educaci\u00f3n y el pragmatismo norteamericano<\/p>\n<\/div><\/div>\n\n\n\n<!--nextpage-->\n\n\n\n<h2 class=\"wp-block-heading\">COMIT\u00c9 ELECTORAL<\/h2>\n\n\n\n<div class=\"wp-block-media-text is-stacked-on-mobile\"><figure class=\"wp-block-media-text__media\"><\/figure><div class=\"wp-block-media-text__content\">\n<p>Joan Lara Amat y Le\u00f3n (UNMSM)<\/p>\n\n\n\n<div style=\"height:22px\" aria-hidden=\"true\" class=\"wp-block-spacer\"><\/div>\n\n\n\n<p>Universidad Nacional Mayor de San Marcos<br>jlaraa@unmsm.edu.pe \u2013 demos-unmsm.blogspot.com<\/p>\n\n\n\n<p style=\"text-align: justify\">Nacido en Barcelona, 1970, vive en Lima desde 2012.<br>Director del equipo de investigaci\u00f3n DEMOS UNMSM (demos-unmsm.blogspot.com) y responsable de Proyectos de Investigaci\u00f3n desde 2019.<br>Docente investigador Renacyt-Concytec de la Universidad Nacional Mayor de San Marcos en pregrado y postgrado. Investigador y docente en las \u00e1reas de Filosof\u00eda Pol\u00edtica, Ciencia Pol\u00edtica y Ciencias Sociales interdisciplinares. Temas: Ciudadan\u00eda, Democracia, Estado, Constituci\u00f3n, Globalizaci\u00f3n, Guerra\u2026 Desempe\u00f1a diversos cargos acad\u00e9micos y ha participado en numerosos Congresos internacionales y nacionales. Ha sido docente investigador de la Universitat de Barcelona.<br>Diploma de Estudios Avanzados (DEA): \u201c\u00c9tica, Pol\u00edtica y Racionalidad en la Sociedad Global\u201d, Magister y Licenciado en Filosof\u00eda por la Universitat de Barcelona. Estudios de Maestr\u00eda y Diplomado en Ciencia Pol\u00edtica y Relaciones Internacionales (PUCP).<br>Publicaciones (selecci\u00f3n): \u201cTransformaciones del Poder y del Estado contempor\u00e1neo: el Estado y la ciudadan\u00eda en tiempos de crisis\u201d (2023); \u201cPer\u00fa ensimismado\u201d (2023); \u201cEntre siervos y ciudadanos: Transformaciones de la ciudadan\u00eda contempor\u00e1nea\u201d (2020); \u201cLa Ciudadan\u00eda y lo Pol\u00edtico. Ciudadan\u00eda y crisis de la democracia liberal en un mundo en transformaci\u00f3n\u201d (2020); \u201cCiudadan\u00eda y corrupci\u00f3n: m\u00e1s all\u00e1 de los individuos, m\u00e1s all\u00e1 de los efectos\u201d (2019); \u201cLas pasadas elecciones democr\u00e1ticas no han tenido lugar: por una democracia razonable\u201d (2018); \u201cEl conflicto social en la globalizaci\u00f3n neoliberal y el neoconservadurismo: entre las Nuevas Guerras y el Populismo Punitivo\u201d (2013)\u2026<\/p>\n<\/div><\/div>\n\n\n\n<!--nextpage-->\n\n\n\n<h2 class=\"wp-block-heading\">COMIT\u00c9 ELECTORAL<\/h2>\n\n\n\n<div class=\"wp-block-media-text is-stacked-on-mobile\"><figure class=\"wp-block-media-text__media\"><img loading=\"lazy\" decoding=\"async\" width=\"1024\" height=\"682\" src=\"https:\/\/revistaidentidad.unheval.edu.pe\/wp-content\/uploads\/2023\/12\/GONCAL-MAYOS-SOLSONA-FOTO-1024x682.jpg\" alt=\"\" class=\"wp-image-307 size-full\" srcset=\"https:\/\/revistaidentidad.unheval.edu.pe\/wp-content\/uploads\/2023\/12\/GONCAL-MAYOS-SOLSONA-FOTO-1024x682.jpg 1024w, https:\/\/revistaidentidad.unheval.edu.pe\/wp-content\/uploads\/2023\/12\/GONCAL-MAYOS-SOLSONA-FOTO-300x200.jpg 300w, https:\/\/revistaidentidad.unheval.edu.pe\/wp-content\/uploads\/2023\/12\/GONCAL-MAYOS-SOLSONA-FOTO-768x512.jpg 768w, https:\/\/revistaidentidad.unheval.edu.pe\/wp-content\/uploads\/2023\/12\/GONCAL-MAYOS-SOLSONA-FOTO-1536x1023.jpg 1536w, https:\/\/revistaidentidad.unheval.edu.pe\/wp-content\/uploads\/2023\/12\/GONCAL-MAYOS-SOLSONA-FOTO.jpg 1600w\" sizes=\"auto, (max-width: 1024px) 100vw, 1024px\" \/><\/figure><div class=\"wp-block-media-text__content\">\n<p>Gon\u00e7al Mayos Solsona<\/p>\n\n\n\n<p>Universidad de Barcelona-Espa\u00f1a<br>gmayos@uoc.edu<\/p>\n\n\n\n<p style=\"text-align: justify\">Gon\u00e7al Mayos Solsona es professor titular de la Universidad de Barcelona, coordinador del Programa de Doctorado \u2018Ciudadan\u00eda y Derechos Humanos\u2019 y director de los Grupos de Investigaci\u00f3n: Crisis of Practical Reason (UB) y Cultura, Hist\u00f2ria i Estat, GIRCHE (UB y UFMG), de la Revista internacional de filosof\u00eda. Astrolabio y de la revista Las Nubes \u2013 Filosof\u00eda, Arte y Literatura, y de las Jornadas Internacionales de Filosof\u00eda Pol\u00edtica.<br>Entre los libros de Gon\u00e7al Mayos destacan: Colleci\u00f3n de Textos (Portuguese Edition); Turbohumanos; A sociedade do controle?; Homo obsoletus; Interdisciplinaridade e interconstitucionalidade; Macrofilosofia della Globalizzazione e del pensiero unico; La sociedad de la ignorancia; Hegel. Dial\u00e9ctica entre conflicto y raz\u00f3n; La Ilustraci\u00f3n; Ilustraci\u00f3n frente a Romanticismo; Hegel Entre l\u00f2gica i emp\u00edria; Violaciones de derechos humanos, poder y estado; Macrofilosof\u00eda de la Modernidad; Postdisciplinariedad y desarrollo humano; \u00bfHi ha una nova pol\u00edtica?; Interrelaci\u00f3n filos\u00f3fico-jur\u00eddica multinivel.<br>Partiendo de investigaciones sobre movimientos y pensadores modernos, Mayos ha ido investigando sobre sus influencias y transformaciones contempor\u00e1neas, para comprender los retos humanos actuales. Ello ha llevado a ampliar sus an\u00e1lisis interdisciplinares y acu\u00f1ar el neologismo \u201cmacrofilosof\u00eda\u201d: la investigaci\u00f3n de los procesos de larga duraci\u00f3n que unen transversalmente aspectos pol\u00edticos, sociol\u00f3gicos, filos\u00f3ficos, epistemol\u00f3gicos\u2026, atendiendo a los grandes movimientos culturales y a las rupturas en las mentalidades sociales.<\/p>\n<\/div><\/div>\n\n\n\n<!--nextpage-->\n\n\n\n<h2 class=\"wp-block-heading\">COMIT\u00c9 ELECTORAL<\/h2>\n\n\n\n<div class=\"wp-block-media-text is-stacked-on-mobile\"><figure class=\"wp-block-media-text__media\"><\/figure><div class=\"wp-block-media-text__content\">\n<p>Roc\u00edo del Pilar D\u00e1vila Soto (UNHEVAL)<\/p>\n<\/div><\/div>\n\n\n\n<!--nextpage-->\n\n\n\n<h2 class=\"wp-block-heading\">COMIT\u00c9 ELECTORAL<\/h2>\n\n\n\n<div class=\"wp-block-media-text is-stacked-on-mobile\"><figure class=\"wp-block-media-text__media\"><\/figure><div class=\"wp-block-media-text__content\">\n<p>Claudio Ram\u00edrez Angarita (UGC-COLOMBIA)<\/p>\n<\/div><\/div>\n\n\n\n<!--nextpage-->\n\n\n\n<h2 class=\"wp-block-heading\">COMIT\u00c9 ELECTORAL<\/h2>\n\n\n\n<div class=\"wp-block-media-text is-stacked-on-mobile\"><figure class=\"wp-block-media-text__media\"><\/figure><div class=\"wp-block-media-text__content\">\n<p>David Villena Salda\u00f1a (UNMS)<\/p>\n<\/div><\/div>\n\n\n\n<!--nextpage-->\n\n\n\n<h2 class=\"wp-block-heading\">COMIT\u00c9 ELECTORAL<\/h2>\n\n\n\n<div class=\"wp-block-media-text is-stacked-on-mobile\"><figure class=\"wp-block-media-text__media\"><\/figure><div class=\"wp-block-media-text__content\">\n<p>Lizcano Chapeta, C. J. (UNIANDES-Ecuador)<\/p>\n<\/div><\/div>\n","protected":false},"excerpt":{"rendered":"<p>EDITOR<\/p>\n","protected":false},"author":1,"featured_media":0,"parent":55,"menu_order":0,"comment_status":"closed","ping_status":"closed","template":"","meta":{"footnotes":""},"class_list":["post-175","page","type-page","status-publish","hentry"],"_links":{"self":[{"href":"https:\/\/revistaidentidad.unheval.edu.pe\/index.php\/wp-json\/wp\/v2\/pages\/175","targetHints":{"allow":["GET"]}}],"collection":[{"href":"https:\/\/revistaidentidad.unheval.edu.pe\/index.php\/wp-json\/wp\/v2\/pages"}],"about":[{"href":"https:\/\/revistaidentidad.unheval.edu.pe\/index.php\/wp-json\/wp\/v2\/types\/page"}],"author":[{"embeddable":true,"href":"https:\/\/revistaidentidad.unheval.edu.pe\/index.php\/wp-json\/wp\/v2\/users\/1"}],"replies":[{"embeddable":true,"href":"https:\/\/revistaidentidad.unheval.edu.pe\/index.php\/wp-json\/wp\/v2\/comments?post=175"}],"version-history":[{"count":23,"href":"https:\/\/revistaidentidad.unheval.edu.pe\/index.php\/wp-json\/wp\/v2\/pages\/175\/revisions"}],"predecessor-version":[{"id":398,"href":"https:\/\/revistaidentidad.unheval.edu.pe\/index.php\/wp-json\/wp\/v2\/pages\/175\/revisions\/398"}],"up":[{"embeddable":true,"href":"https:\/\/revistaidentidad.unheval.edu.pe\/index.php\/wp-json\/wp\/v2\/pages\/55"}],"wp:attachment":[{"href":"https:\/\/revistaidentidad.unheval.edu.pe\/index.php\/wp-json\/wp\/v2\/media?parent=175"}],"curies":[{"name":"wp","href":"https:\/\/api.w.org\/{rel}","templated":true}]}}